{"id":3,"date":"2019-12-02T20:39:14","date_gmt":"2019-12-02T19:39:14","guid":{"rendered":"https:\/\/www.menschenrechte.org\/blog\/?page_id=3"},"modified":"2020-03-19T21:11:56","modified_gmt":"2020-03-19T20:11:56","slug":"datenschutzerklaerung","status":"publish","type":"page","link":"https:\/\/www.menschenrechte.org\/blog\/datenschutzerklaerung\/","title":{"rendered":"Datenschutzerkl\u00e4rung"},"content":{"rendered":"\n<p>Das N\u00fcrnberger Menschenrechtszentrum nimmt den Schutz personenbezogener Daten sehr ernst. Auf dieser Seite informieren wir  dar\u00fcber, welche personenbezogenen Daten bei der Nutzung dieser Seite  verarbeitet werden und zu welchen Zwecken diese Daten verwendet werden.  Die Anforderungen nach der EU Datenschutz-Grundverordnung (DS-GVO) werden umgesetzt, die ab dem 25.05.2018 anwendbar ist.<\/p>\n\n\n\n<h3 class=\"wp-block-heading\">Protokolldaten des Webservers<\/h3>\n\n\n\n<p>Die Nutzung der Websites des N\u00fcrnberger Menschenrechtszentrums ist ohne Angabe personenbezogender Daten m\u00f6glich. Unser Webserver verarbeitet bei jedem Besuch von Ihnen eine Reihe von Daten, die Ihr Browser automatisch an unseren Webserver \u00fcbermittelt. Dabei handelt es sich um die Ihrem Ger\u00e4t aktuell zugewiesene IP-Adresse, das Datum und die Uhrzeit der Anfrage, die Zeitzone, die konkret aufgerufene Seite oder Datei, den http-Statuscode und die \u00fcbertragene Datenmenge. Zus\u00e4tzlich die Webseite, von der Ihre Anfrage kam, den verwendeten Browser, das Betriebssystem Ihres Endger\u00e4tes und die eingestellte  Sprache. Diese Daten nutzt der Webserver, um die Inhalte dieser Webseite  bestm\u00f6glich auf Ihrem Ger\u00e4t darzustellen. Ihre IP-Adresse wird nur in anonymisierter Form gespeichert; dazu wird das letzte Oktett durch XXX ersetzt. Die Logfiles werden zur Aufrechterhaltung des Serverbetriebs und zur statistischen Auswertung erhoben und gespeichert. Die IP-Adresse wird w\u00e4hrend der Verbindung ben\u00f6tigt, um die Inhalte unserer Webseite an Ihren Browser zu \u00fcbertragen. Die \u00dcbermittlung der IP-Adresse ist  erforderlich, um die Inhalte der Webseite anzuzeigen; ohne \u00dcbermittlung der IP-Adresse ist eine Anzeige der Webseite nicht m\u00f6glich.<\/p>\n\n\n\n<h3 class=\"wp-block-heading\">Statistikauswertung<\/h3>\n\n\n\n<p>Um unsere Seite statistisch auswerten zu k\u00f6nnen, verwendet das N\u00fcrnberger Menschenrechtszentrum das Programm AWstats. Das Programm ist  eine freie Webanalyse-Software. Sie wird zur Auswertung von Logdateien  verwendet, die Webserver auf Basis von Besucheranfragen erstellen. Das Programm setzt f\u00fcr die Auswertung keine Cookie Dateien ein. Die statistische Analyse erfolgt \u00fcber die Logfiles, die auch IP-Adressen enthalten. Diese Daten sind bestimmten Personen nicht zuordenbar (siehe Punkt 1.). Eine Zusammenf\u00fchrung dieser Daten mit anderen Datenquellen wird nicht vorgenommen, die Daten werden zudem nach einer statistischen Auswertung gel\u00f6scht. Im Gegensatz zu anderen Statistikprogrammen werden bei AWstats keine Daten an einen fremden Server \u00fcbermittelt. Da  Programm ist auf dem eigenen Hostingpaket installiert. So wird beispielsweise auch eine \u00dcbertragung von Daten ins Ausland vermieden, da unser Server in Deutschland lokalisiert ist.<\/p>\n\n\n\n<h3 class=\"wp-block-heading\">Einbindung von Diensten sozialer Netzwerke<\/h3>\n\n\n\n<p>Auf unserer Homepage befinden sich nur Links zu den jeweiligen sozialen Medien. F\u00fcr ihre Nutzung gelten allein die Nutzungs- und  Datenschutzbedingungen des jeweiligen sozialen Netzwerkes. Das N\u00fcrnberger Menschenrechtszentrum weist darauf hin, dass viele der sozialen Netzwerke bei einer Aktivierung ihrer Dienste personenbezogene Daten in die USA und andere Drittstaaten \u00fcbermitteln, die nach der DS-GVO als datenschutzrechtlich unsichere Drittl\u00e4nder gelten. Das N\u00fcrnberger Menschenrechtszentrum hat keinen Einfluss auf Art und Umfang der Datenverarbeitung durch die jeweiligen sozialen Netzwerke.<\/p>\n\n\n\n<h3 class=\"wp-block-heading\">Kommentare<\/h3>\n\n\n\n<p>Wenn Besucher Kommentare auf der Website schreiben, sammeln wir die Daten, die im Kommentar-Formular angezeigt werden, au\u00dferdem die IP-Adresse des Besuchers und den User-Agent-String (damit wird der Browser identifiziert), um die Erkennung von Spam zu unterst\u00fctzen.<\/p>\n\n\n\n<p>Aus deiner E-Mail-Adresse kann eine anonymisierte Zeichenfolge erstellt (auch Hash genannt) und dem Gravatar-Dienst \u00fcbergeben werden, um zu pr\u00fcfen, ob du diesen benutzt. Die Datenschutzerkl\u00e4rung des Gravatar-Dienstes findest du hier: https:\/\/automattic.com\/privacy\/. Nachdem dein Kommentar freigegeben wurde, ist dein Profilbild \u00f6ffentlich im Kontext deines Kommentars sichtbar.<\/p>\n\n\n\n<h3 class=\"wp-block-heading\">Cookies<\/h3>\n\n\n\n<p>Wenn du einen Kommentar auf unserer Website schreibst, kann das eine Einwilligung sein, deinen Namen, E-Mail-Adresse und Website in Cookies zu speichern. Dies ist eine Komfortfunktion, damit du nicht, wenn du einen weiteren Kommentar schreibst, all diese Daten erneut eingeben musst. Diese Cookies werden ein Jahr lang gespeichert.<\/p>\n\n\n\n<p>Falls du ein Konto hast und dich auf dieser Website anmeldest, werden wir ein tempor\u00e4res Cookie setzen, um festzustellen, ob dein Browser Cookies akzeptiert. Dieses Cookie enth\u00e4lt keine personenbezogenen Daten und wird verworfen, wenn du deinen Browser schlie\u00dft.<\/p>\n\n\n\n<p>Wenn du dich anmeldest, werden wir einige Cookies einrichten, um deine Anmeldeinformationen und Anzeigeoptionen zu speichern. Anmelde-Cookies verfallen nach zwei Tagen und Cookies f\u00fcr die Anzeigeoptionen nach einem Jahr. Falls du bei der Anmeldung \u201eAngemeldet bleiben\u201c ausw\u00e4hlst, wird deine Anmeldung zwei Wochen lang aufrechterhalten. Mit der Abmeldung aus deinem Konto werden die Anmelde-Cookies gel\u00f6scht.<\/p>\n\n\n\n<p>Wir verwenden Google Analytics, um die Website-Nutzung zu analysieren. Die daraus gewonnenen Daten werden genutzt, um unsere Website sowie unsere \u00d6ffentlichkeitsarbeit zu optimieren. Google Analytics ist ein Webanalysedienst, der von <em>Google Inc.<\/em> (1600 Amphitheatre Parkway, Mountain View, CA 94043, United States) betrieben und bereitgestellt wird. Google verarbeitet die Daten zur Website-Nutzung in unserem Auftrag und verpflichtet sich vertraglich zu Ma\u00dfnahmen, um die Vertraulichkeit der verarbeiteten Daten zu gew\u00e4hrleisten.<\/p>\n\n\n\n<p>W\u00e4hrend Ihres Website-Besuchs k\u00f6nnen u. a. folgende Daten aufgezeichnet werden:<\/p>\n\n\n\n<ul class=\"wp-block-list\"><li>Aufgerufene Seiten<\/li><li>Die Erreichung von &#8222;Website-Zielen&#8220; (z. B. Kontaktanfragen und Newsletter-Anmeldungen)<\/li><li>Ihr Verhalten auf den Seiten <\/li><li>Ihr ungef\u00e4hrer Standort (Land und Stadt)<\/li><li>Ihre IP-Adresse (in gek\u00fcrzter Form, sodass keine eindeutige Zuordnung m\u00f6glich ist)<\/li><li>Technische Informationen wie Browser, Internetanbieter, Endger\u00e4t und Bildschirmaufl\u00f6sung<\/li><li>Herkunftsquelle Ihres Besuchs (d.h. \u00fcber welche Website Sie zu uns gekommen sind)<\/li><\/ul>\n\n\n\n<p>Diese Daten werden an einen Server von Google in den USA \u00fcbertragen, wobei Google angibt, dabei die Datenschutzbestimmungen des <em>EU-US Privacy Shield<\/em>-Abkommens zu beachten. Google Analytics speichert Cookies in Ihrem Webbrowser f\u00fcr die Dauer von zwei&nbsp;Jahren seit Ihrem letzten Besuch. Diese Cookies enthaltene eine  zufallsgenerierte User-ID, mit der Sie bei zuk\u00fcnftigen Website-Besuchen  wiedererkannt werden k\u00f6nnen.<\/p>\n\n\n\n<p>Die aufgezeichneten Daten werden zusammen mit der zufallsgenerierten User-ID gespeichert, was die Auswertung pseudonymer Nutzerprofile erm\u00f6glicht. Sonstige Daten bleiben in aggregierter Form unbefristet gespeichert. Als Quellgrundlage f\u00fcr diese Ausf\u00fchrungen zu Google Analytics diente  <em><a href=\"https:\/\/traffic3.net\/\">traffic3.net<\/a><\/em>.<\/p>\n\n\n\n<h3 class=\"wp-block-heading\" id=\"m17\">Newsletter<\/h3>\n\n\n\n<p>Wir versenden \nNewsletter, E-Mails und weitere elektronische Benachrichtigungen \n(nachfolgend &#8222;Newsletter\u201c) nur mit der Einwilligung der Empf\u00e4nger oder \neiner gesetzlichen Erlaubnis. Sofern im Rahmen einer Anmeldung zum \nNewsletter dessen Inhalte konkret umschrieben werden, sind sie f\u00fcr die \nEinwilligung der Nutzer ma\u00dfgeblich. Im \u00dcbrigen enthalten unsere \nNewsletter Informationen zu unseren Leistungen und uns.<\/p>\n\n\n\n<p>Um sich zu unseren Newslettern anzumelden, reicht es grunds\u00e4tzlich \naus, wenn Sie Ihre E-Mail-Adresse angeben. Wir k\u00f6nnen Sie jedoch bitten,\n einen Namen, zwecks pers\u00f6nlicher Ansprache im Newsletter, oder weitere \nAngaben, sofern diese f\u00fcr die Zwecke des Newsletters erforderlich sind, \nzu t\u00e4tigen.<\/p>\n\n\n\n<p><strong>Double-Opt-In-Verfahren:<\/strong> Die Anmeldung zu unserem \nNewsletter erfolgt grunds\u00e4tzlich in einem sogenannte \nDouble-Opt-In-Verfahren. D.h., Sie erhalten nach der Anmeldung eine \nE-Mail, in der Sie um die Best\u00e4tigung Ihrer Anmeldung gebeten werden. \nDiese Best\u00e4tigung ist notwendig, damit sich niemand mit fremden \nE-Mail-Adressen anmelden kann. Die Anmeldungen zum Newsletter werden \nprotokolliert, um den Anmeldeprozess entsprechend den rechtlichen \nAnforderungen nachweisen zu k\u00f6nnen. Hierzu geh\u00f6rt die Speicherung des \nAnmelde- und des Best\u00e4tigungszeitpunkts als auch der IP-Adresse. Ebenso \nwerden die \u00c4nderungen Ihrer bei dem Versanddienstleister gespeicherten \nDaten protokolliert.<\/p>\n\n\n\n<p><strong>L\u00f6schung und Einschr\u00e4nkung der Verarbeitung: <\/strong> Wir \nk\u00f6nnen die ausgetragenen E-Mail-Adressen bis zu drei Jahren auf \nGrundlage unserer berechtigten Interessen speichern, bevor wir sie \nl\u00f6schen, um eine ehemals gegebene Einwilligung nachweisen zu k\u00f6nnen. Die\n Verarbeitung dieser Daten wird auf den Zweck einer m\u00f6glichen Abwehr von\n Anspr\u00fcchen beschr\u00e4nkt. Ein individueller L\u00f6schungsantrag ist jederzeit \nm\u00f6glich, sofern zugleich das ehemalige Bestehen einer Einwilligung \nbest\u00e4tigt wird. Im Fall von Pflichten zur dauerhaften Beachtung von \nWiderspr\u00fcchen behalten wir uns die Speicherung der E-Mail-Adresse \nalleine zu diesem Zweck in einer Sperrliste (sogenannte &#8222;Blacklist&#8220;) \nvor.<\/p>\n\n\n\n<p>Die Protokollierung des Anmeldeverfahrens erfolgt auf Grundlage \nunserer berechtigten Interessen zu Zwecken des Nachweises seines \nordnungsgem\u00e4\u00dfen Ablaufs. Soweit wir einen Dienstleister mit dem Versand \nvon E-Mails beauftragen, erfolgt dies auf Grundlage unserer berechtigten\n Interessen an einem effizienten und sicheren Versandsystem.<\/p>\n\n\n\n<p><strong>Hinweise zu Rechtsgrundlagen:<\/strong> Der Versand der Newsletter erfolgt auf Grundlage einer Einwilligung der Empf\u00e4nger. <\/p>\n\n\n\n<p><strong>Inhalt des Newsletters<\/strong>: Informationen zu uns und unseren Blogposts.<\/p>\n\n\n\n<p><strong>Erfolgsmessung<\/strong>: Die Newsletter enthalten einen sogenannte &#8222;web-beacon\u201c, d.h., eine pixelgro\u00dfe Datei, die beim \u00d6ffnen des Newsletters von unserem Server, bzw., sofern wir einen  Versanddienstleister einsetzen, von dessen Server abgerufen wird. Im Rahmen dieses Abrufs werden zun\u00e4chst technische Informationen, wie Informationen zum Browser und Ihrem System, als auch Ihre IP-Adresse und der Zeitpunkt des Abrufs, erhoben. <\/p>\n\n\n\n<p>Diese Informationen werden zur technischen Verbesserung unseres Newsletters anhand der technischen Daten oder der Zielgruppen und ihres Leseverhaltens auf Basis ihrer Abruforte (die mit Hilfe der IP-Adresse  bestimmbar sind) oder der Zugriffszeiten genutzt. Diese Analyse  beinhaltet ebenfalls die Feststellung, ob die Newsletter ge\u00f6ffnet  werden, wann sie ge\u00f6ffnet werden und welche Links geklickt werden. Diese Informationen k\u00f6nnen aus technischen Gr\u00fcnden zwar den einzelnen Newsletterempf\u00e4ngern zugeordnet werden. Es ist jedoch weder unser Bestreben noch, sofern eingesetzt, das des Versanddienstleisters, einzelne Nutzer zu beobachten. Die Auswertungen dienen uns vielmehr dazu, die Lesegewohnheiten unserer Nutzer zu erkennen und unsere Inhalte an sie anzupassen oder unterschiedliche Inhalte entsprechend den Interessen unserer Nutzer zu versenden.<\/p>\n\n\n\n<p>Die Auswertung des Newsletters und die Erfolgsmessung erfolgen, vorbehaltlich einer ausdr\u00fccklichen Einwilligung der Nutzer, auf Grundlage unserer berechtigten Interessen zu Zwecken des Einsatzes eines nutzerfreundlichen sowie sicheren Newslettersystems, welches sowohl unseren gesch\u00e4ftlichen Interessen dient, als auch den Erwartungen der Nutzer entspricht.<\/p>\n\n\n\n<p>Ein getrennter Widerruf der Erfolgsmessung ist leider nicht m\u00f6glich, in diesem Fall muss das gesamte Newsletterabonnement gek\u00fcndigt, bzw. muss ihm widersprochen werden.<\/p>\n\n\n\n<h3 class=\"wp-block-heading\">Eingebettete Inhalte von anderen Websites<\/h3>\n\n\n\n<p>Beitr\u00e4ge auf dieser Website k\u00f6nnen eingebettete Inhalte beinhalten (z.&nbsp;B. Videos, Bilder, Beitr\u00e4ge etc.). Eingebettete Inhalte von anderen Websites verhalten sich exakt so, als ob der Besucher die andere Website besucht h\u00e4tte.<\/p>\n\n\n\n<p>Diese Websites k\u00f6nnen Daten \u00fcber dich sammeln, Cookies benutzen, zus\u00e4tzliche Tracking-Dienste von Dritten einbetten und deine Interaktion mit diesem eingebetteten Inhalt aufzeichnen, inklusive deiner Interaktion mit dem eingebetteten Inhalt, falls du ein Konto hast und auf dieser Website angemeldet bist.<\/p>\n\n\n\n<h3 class=\"wp-block-heading\">Wie lange wir deine Daten speichern<\/h3>\n\n\n\n<p>Wenn du einen Kommentar schreibst, wird dieser inklusive Metadaten zeitlich unbegrenzt gespeichert. Auf diese Art k\u00f6nnen wir Folgekommentare automatisch erkennen und freigeben, anstelle sie in einer Moderations-Warteschlange festzuhalten.<\/p>\n\n\n\n<p>F\u00fcr Benutzer, die sich auf unserer Website registrieren, speichern wir zus\u00e4tzlich die pers\u00f6nlichen Informationen, die sie in ihren Benutzerprofilen angeben. Alle Benutzer k\u00f6nnen jederzeit ihre pers\u00f6nlichen Informationen einsehen, ver\u00e4ndern oder l\u00f6schen (der Benutzername kann nicht ver\u00e4ndert werden). Administratoren der Website k\u00f6nnen diese Informationen ebenfalls einsehen und ver\u00e4ndern.<\/p>\n\n\n\n<h3 class=\"wp-block-heading\">Empf\u00e4nger von personenbezogenen Daten<\/h3>\n\n\n\n<p>Sofern personenbezogene Daten des Besuchers oder der Besucherin an Dritte weitergegeben werden, wird darauf bei der Beschreibung der Datenverarbeitung hingewiesen (z. B. bei der Teilnahme an Aktionen).<\/p>\n\n\n\n<h3 class=\"wp-block-heading\">Ihre Rechte<\/h3>\n\n\n\n<p>Sofern wir Ihre Daten auf Grundlage einer Einwilligungserkl\u00e4rung verarbeiten, haben Sie jederzeit das Recht, diese Einwilligung mit Wirkung f\u00fcr die Zukunft zu widerrufen. Sie haben au\u00dferdem das Recht, jederzeit Auskunft \u00fcber alle personenbezogenen Daten zu verlangen, die  wir von Ihnen verarbeiten. Sollten Ihre personenbezogenen Daten unrichtig oder unvollst\u00e4ndig sein, haben Sie ein Recht auf Berichtigung und Erg\u00e4nzung. Sie k\u00f6nnen ferner jederzeit die L\u00f6schung Ihrer personenbezogenen Daten verlangen, sofern wir nicht rechtlich zur weiteren Verarbeitung Ihrer Daten verpflichtet oder berechtigt sind.<\/p>\n\n\n\n<h3 class=\"wp-block-heading\">Verantwortliche f\u00fcr die Datenverarbeitung<\/h3>\n\n\n\n<p>Verantwortlich f\u00fcr die Datenverarbeitung ist das N\u00fcrnberger Menschenrechtszentrum, Hans-Sachs-Platz 2, 90403 N\u00fcrnberg. Sie erreichen uns postalisch, per E-Mail (buero@menschenrechte.org) oder telefonisch unter +49-911-2305550.<\/p>\n\n\n\n<h3 class=\"wp-block-heading\">\u00c4nderung der Datenschutzerkl\u00e4rung<\/h3>\n\n\n\n<p>Das N\u00fcrnberger Menschenrechtszentrum beh\u00e4lt sich vor, diese Datenschutzerkl\u00e4rung bei Bedarf an neue Angebote und Datenverarbeitungen oder ver\u00e4nderte sachliche oder rechtliche Bedingungen anzupassen.<\/p>\n","protected":false},"excerpt":{"rendered":"<p>Das N\u00fcrnberger Menschenrechtszentrum nimmt den Schutz personenbezogener Daten sehr ernst. Auf dieser Seite informieren wir dar\u00fcber, welche personenbezogenen Daten bei&#8230;<\/p>\n","protected":false},"author":1,"featured_media":0,"parent":0,"menu_order":0,"comment_status":"closed","ping_status":"open","template":"","meta":{"footnotes":""},"coauthors":[21],"class_list":["post-3","page","type-page","status-publish","hentry","post-archive"],"yoast_head":"<!-- This site is optimized with the Yoast SEO plugin v26.5 - https:\/\/yoast.com\/wordpress\/plugins\/seo\/ -->\n<title>Datenschutzerkl\u00e4rung - Menschenrechte - der Blog.<\/title>\n<meta name=\"robots\" content=\"index, follow, max-snippet:-1, max-image-preview:large, max-video-preview:-1\" \/>\n<link rel=\"canonical\" href=\"https:\/\/www.menschenrechte.org\/blog\/datenschutzerklaerung\/\" \/>\n<meta property=\"og:locale\" content=\"de_DE\" \/>\n<meta property=\"og:type\" content=\"article\" \/>\n<meta property=\"og:title\" content=\"Datenschutzerkl\u00e4rung - Menschenrechte - der Blog.\" \/>\n<meta property=\"og:description\" content=\"Das N\u00fcrnberger Menschenrechtszentrum nimmt den Schutz personenbezogener Daten sehr ernst. Auf dieser Seite informieren wir dar\u00fcber, welche personenbezogenen Daten bei...\" \/>\n<meta property=\"og:url\" content=\"https:\/\/www.menschenrechte.org\/blog\/datenschutzerklaerung\/\" \/>\n<meta property=\"og:site_name\" content=\"Menschenrechte - der Blog.\" \/>\n<meta property=\"article:publisher\" content=\"https:\/\/www.facebook.com\/NuernbergerMenschenrechtszentrum\/?eid=ARAoGFhiOGk5kmEnso1qow5TUUEWiHvB739MeabiJgTeX-H10uOy1x45ym-gISJGHPSkma6NciCJ1mFN\" \/>\n<meta property=\"article:modified_time\" content=\"2020-03-19T20:11:56+00:00\" \/>\n<meta name=\"twitter:label1\" content=\"Gesch\u00e4tzte Lesezeit\" \/>\n\t<meta name=\"twitter:data1\" content=\"9\u00a0Minuten\" \/>\n\t<meta name=\"twitter:label2\" content=\"Written by\" \/>\n\t<meta name=\"twitter:data2\" content=\"NMRZ\" \/>\n<script type=\"application\/ld+json\" class=\"yoast-schema-graph\">{\"@context\":\"https:\/\/schema.org\",\"@graph\":[{\"@type\":\"WebPage\",\"@id\":\"https:\/\/www.menschenrechte.org\/blog\/datenschutzerklaerung\/\",\"url\":\"https:\/\/www.menschenrechte.org\/blog\/datenschutzerklaerung\/\",\"name\":\"Datenschutzerkl\u00e4rung - Menschenrechte - der Blog.\",\"isPartOf\":{\"@id\":\"https:\/\/www.menschenrechte.org\/blog\/#website\"},\"datePublished\":\"2019-12-02T19:39:14+00:00\",\"dateModified\":\"2020-03-19T20:11:56+00:00\",\"breadcrumb\":{\"@id\":\"https:\/\/www.menschenrechte.org\/blog\/datenschutzerklaerung\/#breadcrumb\"},\"inLanguage\":\"de\",\"potentialAction\":[{\"@type\":\"ReadAction\",\"target\":[\"https:\/\/www.menschenrechte.org\/blog\/datenschutzerklaerung\/\"]}]},{\"@type\":\"BreadcrumbList\",\"@id\":\"https:\/\/www.menschenrechte.org\/blog\/datenschutzerklaerung\/#breadcrumb\",\"itemListElement\":[{\"@type\":\"ListItem\",\"position\":1,\"name\":\"Startseite\",\"item\":\"https:\/\/www.menschenrechte.org\/blog\/\"},{\"@type\":\"ListItem\",\"position\":2,\"name\":\"Datenschutzerkl\u00e4rung\"}]},{\"@type\":\"WebSite\",\"@id\":\"https:\/\/www.menschenrechte.org\/blog\/#website\",\"url\":\"https:\/\/www.menschenrechte.org\/blog\/\",\"name\":\"Menschenrechte - der Blog.\",\"description\":\"N\u00fcrnberger Menschenrechtszentrum\",\"publisher\":{\"@id\":\"https:\/\/www.menschenrechte.org\/blog\/#organization\"},\"potentialAction\":[{\"@type\":\"SearchAction\",\"target\":{\"@type\":\"EntryPoint\",\"urlTemplate\":\"https:\/\/www.menschenrechte.org\/blog\/?s={search_term_string}\"},\"query-input\":{\"@type\":\"PropertyValueSpecification\",\"valueRequired\":true,\"valueName\":\"search_term_string\"}}],\"inLanguage\":\"de\"},{\"@type\":\"Organization\",\"@id\":\"https:\/\/www.menschenrechte.org\/blog\/#organization\",\"name\":\"N\u00fcrnberger Menschenrechtszentrum\",\"url\":\"https:\/\/www.menschenrechte.org\/blog\/\",\"logo\":{\"@type\":\"ImageObject\",\"inLanguage\":\"de\",\"@id\":\"https:\/\/www.menschenrechte.org\/blog\/#\/schema\/logo\/image\/\",\"url\":\"https:\/\/www.menschenrechte.org\/blog\/wp-content\/uploads\/2020\/02\/NMRZ_jpg-scaled.jpg\",\"contentUrl\":\"https:\/\/www.menschenrechte.org\/blog\/wp-content\/uploads\/2020\/02\/NMRZ_jpg-scaled.jpg\",\"width\":2560,\"height\":345,\"caption\":\"N\u00fcrnberger Menschenrechtszentrum\"},\"image\":{\"@id\":\"https:\/\/www.menschenrechte.org\/blog\/#\/schema\/logo\/image\/\"},\"sameAs\":[\"https:\/\/www.facebook.com\/NuernbergerMenschenrechtszentrum\/?eid=ARAoGFhiOGk5kmEnso1qow5TUUEWiHvB739MeabiJgTeX-H10uOy1x45ym-gISJGHPSkma6NciCJ1mFN\",\"https:\/\/www.instagram.com\/nbg_menschenrechtszentrum\/\"]}]}<\/script>\n<!-- \/ Yoast SEO plugin. -->","yoast_head_json":{"title":"Datenschutzerkl\u00e4rung - Menschenrechte - der Blog.","robots":{"index":"index","follow":"follow","max-snippet":"max-snippet:-1","max-image-preview":"max-image-preview:large","max-video-preview":"max-video-preview:-1"},"canonical":"https:\/\/www.menschenrechte.org\/blog\/datenschutzerklaerung\/","og_locale":"de_DE","og_type":"article","og_title":"Datenschutzerkl\u00e4rung - Menschenrechte - der Blog.","og_description":"Das N\u00fcrnberger Menschenrechtszentrum nimmt den Schutz personenbezogener Daten sehr ernst. Auf dieser Seite informieren wir dar\u00fcber, welche personenbezogenen Daten bei...","og_url":"https:\/\/www.menschenrechte.org\/blog\/datenschutzerklaerung\/","og_site_name":"Menschenrechte - der Blog.","article_publisher":"https:\/\/www.facebook.com\/NuernbergerMenschenrechtszentrum\/?eid=ARAoGFhiOGk5kmEnso1qow5TUUEWiHvB739MeabiJgTeX-H10uOy1x45ym-gISJGHPSkma6NciCJ1mFN","article_modified_time":"2020-03-19T20:11:56+00:00","twitter_misc":{"Gesch\u00e4tzte Lesezeit":"9\u00a0Minuten","Written by":"NMRZ"},"schema":{"@context":"https:\/\/schema.org","@graph":[{"@type":"WebPage","@id":"https:\/\/www.menschenrechte.org\/blog\/datenschutzerklaerung\/","url":"https:\/\/www.menschenrechte.org\/blog\/datenschutzerklaerung\/","name":"Datenschutzerkl\u00e4rung - Menschenrechte - der Blog.","isPartOf":{"@id":"https:\/\/www.menschenrechte.org\/blog\/#website"},"datePublished":"2019-12-02T19:39:14+00:00","dateModified":"2020-03-19T20:11:56+00:00","breadcrumb":{"@id":"https:\/\/www.menschenrechte.org\/blog\/datenschutzerklaerung\/#breadcrumb"},"inLanguage":"de","potentialAction":[{"@type":"ReadAction","target":["https:\/\/www.menschenrechte.org\/blog\/datenschutzerklaerung\/"]}]},{"@type":"BreadcrumbList","@id":"https:\/\/www.menschenrechte.org\/blog\/datenschutzerklaerung\/#breadcrumb","itemListElement":[{"@type":"ListItem","position":1,"name":"Startseite","item":"https:\/\/www.menschenrechte.org\/blog\/"},{"@type":"ListItem","position":2,"name":"Datenschutzerkl\u00e4rung"}]},{"@type":"WebSite","@id":"https:\/\/www.menschenrechte.org\/blog\/#website","url":"https:\/\/www.menschenrechte.org\/blog\/","name":"Menschenrechte - der Blog.","description":"N\u00fcrnberger Menschenrechtszentrum","publisher":{"@id":"https:\/\/www.menschenrechte.org\/blog\/#organization"},"potentialAction":[{"@type":"SearchAction","target":{"@type":"EntryPoint","urlTemplate":"https:\/\/www.menschenrechte.org\/blog\/?s={search_term_string}"},"query-input":{"@type":"PropertyValueSpecification","valueRequired":true,"valueName":"search_term_string"}}],"inLanguage":"de"},{"@type":"Organization","@id":"https:\/\/www.menschenrechte.org\/blog\/#organization","name":"N\u00fcrnberger Menschenrechtszentrum","url":"https:\/\/www.menschenrechte.org\/blog\/","logo":{"@type":"ImageObject","inLanguage":"de","@id":"https:\/\/www.menschenrechte.org\/blog\/#\/schema\/logo\/image\/","url":"https:\/\/www.menschenrechte.org\/blog\/wp-content\/uploads\/2020\/02\/NMRZ_jpg-scaled.jpg","contentUrl":"https:\/\/www.menschenrechte.org\/blog\/wp-content\/uploads\/2020\/02\/NMRZ_jpg-scaled.jpg","width":2560,"height":345,"caption":"N\u00fcrnberger Menschenrechtszentrum"},"image":{"@id":"https:\/\/www.menschenrechte.org\/blog\/#\/schema\/logo\/image\/"},"sameAs":["https:\/\/www.facebook.com\/NuernbergerMenschenrechtszentrum\/?eid=ARAoGFhiOGk5kmEnso1qow5TUUEWiHvB739MeabiJgTeX-H10uOy1x45ym-gISJGHPSkma6NciCJ1mFN","https:\/\/www.instagram.com\/nbg_menschenrechtszentrum\/"]}]}},"_links":{"self":[{"href":"https:\/\/www.menschenrechte.org\/blog\/wp-json\/wp\/v2\/pages\/3","targetHints":{"allow":["GET"]}}],"collection":[{"href":"https:\/\/www.menschenrechte.org\/blog\/wp-json\/wp\/v2\/pages"}],"about":[{"href":"https:\/\/www.menschenrechte.org\/blog\/wp-json\/wp\/v2\/types\/page"}],"author":[{"embeddable":true,"href":"https:\/\/www.menschenrechte.org\/blog\/wp-json\/wp\/v2\/users\/1"}],"replies":[{"embeddable":true,"href":"https:\/\/www.menschenrechte.org\/blog\/wp-json\/wp\/v2\/comments?post=3"}],"version-history":[{"count":5,"href":"https:\/\/www.menschenrechte.org\/blog\/wp-json\/wp\/v2\/pages\/3\/revisions"}],"predecessor-version":[{"id":286,"href":"https:\/\/www.menschenrechte.org\/blog\/wp-json\/wp\/v2\/pages\/3\/revisions\/286"}],"wp:attachment":[{"href":"https:\/\/www.menschenrechte.org\/blog\/wp-json\/wp\/v2\/media?parent=3"}],"wp:term":[{"taxonomy":"author","embeddable":true,"href":"https:\/\/www.menschenrechte.org\/blog\/wp-json\/wp\/v2\/coauthors?post=3"}],"curies":[{"name":"wp","href":"https:\/\/api.w.org\/{rel}","templated":true}]}}