{"id":18,"date":"2019-01-19T19:05:17","date_gmt":"2019-01-19T18:05:17","guid":{"rendered":"https:\/\/www.menschenrechte.org\/en\/?page_id=18"},"modified":"2021-03-11T11:24:36","modified_gmt":"2021-03-11T10:24:36","slug":"contact","status":"publish","type":"page","link":"https:\/\/www.menschenrechte.org\/en\/contact\/","title":{"rendered":"Contact"},"content":{"rendered":"<h3><span lang=\"en\">How to reach us:<\/span><\/h3>\n<p>N\u00fcrnberger Menschenrechtszentrum<br \/>\nHans-Sachs-Platz 2<br \/>\n90403 N\u00fcrnberg <span lang=\"en\">(subway station: Lorenzkirche);<\/span> v<span lang=\"en\">isits by appointment.<\/span><\/p>\n<p><span lang=\"en\">Phone:<\/span>+49-(0)911-230 55 50<br \/>\nE-Mail: buero@menschenrechte.org<\/p>\n<h3><span lang=\"en\">Board of Management<\/span><\/h3>\n<p><span lang=\"en\">Rainer Huhle, Michael Krennerich (First Chairman), Nicole Scharrer (Second Chairman), G\u00f6tz Schwanh\u00e4u\u00dfer and Alice Speck.<\/span><\/p>\n<h3><span lang=\"en\">E-Mail<\/span><\/h3>\n<p><span lang=\"de\"><span lang=\"en\"><strong>For general requests:<\/strong><\/span><\/span><span lang=\"de\"> Lea Dannich (buero@menschenrechte.org)<\/span><\/p>\n<p><span lang=\"en\"><strong>General human rights issues, international human rights protection:<br \/>\n<\/strong> Rainer Huhle (rainer.huhle@menschenrechte.org)<br \/>\nMichael Krennerich (michael.krennerich@menschenrechte.org)<\/span><\/p>\n<p><span lang=\"en\"><strong>Human Rights Education:<\/strong><br \/>\nHelga Riedl (helga.riedl@menschenrechte.org)<br \/>\nOtto B\u00f6hm (otto.boehm@menschenrechte.org)<\/span><\/p>\n<p><strong>Social Media<\/strong><br \/>\nAlice Speck, Nicole Scharrer, Corrine Venema-Tucker and Felix Krau\u00df<br \/>\n(social.media@menschenrechte.org)<\/p>\n<p><span lang=\"en\"><strong>Nuremberg Trials and International Criminal Courts:<\/strong><br \/>\nOtto B\u00f6hm (otto.boehm@menschenrechte.org)<br \/>\nRainer Huhle (rainer.huhle@menschenrechte.org)<br \/>\nMichaela Lissowsky (michaela.lissowsky@menschenrechte.org)<\/span><\/p>\n<p><span lang=\"en\"><strong>Economic, Social and Cultural Rights:<br \/>\n<\/strong>Michael Krennerich (michael.krennerich@menschenrechte.org)<\/span><\/p>\n<p><span lang=\"en\"><strong>Human Rights in Latin America:<\/strong><br \/>\nRainer Huhle (rainer.huhle@menschenrechte.org)<\/span><\/p>\n<p><span lang=\"en\"><strong>Week of Latin America (&#8220;Lateinamerikawoche&#8221;):<br \/>\n<\/strong>Armin and Annegret Seufert (buero@menschenrechte.org)<\/span><\/p>\n<p><span lang=\"en\"><strong>Refugee rights and Asylum:<\/strong><br \/>\nMichael Krennerich (michael.krennerich@menschenrechte.org)<\/span><\/p>\n<p><span lang=\"en\"><strong>Internships:<\/strong><br \/>\nNicole Scharrer (nicole.scharrer@menschenrechte.org)<\/span><\/p>\n<p><span lang=\"en\"><strong>Donations:<\/strong><br \/>\nG\u00f6tz Schwanh\u00e4u\u00dfer (buero@menschenrechte.org)<\/span><\/p>\n<h3><span lang=\"en\">Webmaster<\/span><\/h3>\n<p>Lea Dannich (buero@menschenrechte.org)<\/p>\n<h3><span lang=\"en\">Bank connection<\/span><\/h3>\n<p><span lang=\"en\">Bank Code: 52060410; IBAN: DE97520604100003505197; BIC: GENODEF1EK1 Evangelische Kreditgenossenschaft eG<\/span><span lang=\"es\">Cuenta: 350 51 97;<\/span><\/p>\n","protected":false},"excerpt":{"rendered":"<p>How to reach us: N\u00fcrnberger Menschenrechtszentrum Hans-Sachs-Platz 2 90403 N\u00fcrnberg (subway station: Lorenzkirche); visits by appointment. Phone:+49-(0)911-230 55 50 E-Mail: buero@menschenrechte.org Board of Management Rainer Huhle, Michael Krennerich (First Chairman), Nicole Scharrer (Second Chairman), G\u00f6tz Schwanh\u00e4u\u00dfer and Alice Speck. E-Mail For general requests: Lea Dannich (buero@menschenrechte.org) General human rights issues, international human rights protection: Rainer<br \/><span class=\"excerpt_more\"><br \/><a href=\"https:\/\/www.menschenrechte.org\/en\/contact\/\">[ &#8230; ]<\/a><\/span><\/p>\n","protected":false},"author":16,"featured_media":0,"parent":0,"menu_order":0,"comment_status":"closed","ping_status":"closed","template":"","meta":{"footnotes":""},"class_list":["post-18","page","type-page","status-publish","hentry"],"_links":{"self":[{"href":"https:\/\/www.menschenrechte.org\/en\/wp-json\/wp\/v2\/pages\/18","targetHints":{"allow":["GET"]}}],"collection":[{"href":"https:\/\/www.menschenrechte.org\/en\/wp-json\/wp\/v2\/pages"}],"about":[{"href":"https:\/\/www.menschenrechte.org\/en\/wp-json\/wp\/v2\/types\/page"}],"author":[{"embeddable":true,"href":"https:\/\/www.menschenrechte.org\/en\/wp-json\/wp\/v2\/users\/16"}],"replies":[{"embeddable":true,"href":"https:\/\/www.menschenrechte.org\/en\/wp-json\/wp\/v2\/comments?post=18"}],"version-history":[{"count":5,"href":"https:\/\/www.menschenrechte.org\/en\/wp-json\/wp\/v2\/pages\/18\/revisions"}],"predecessor-version":[{"id":172,"href":"https:\/\/www.menschenrechte.org\/en\/wp-json\/wp\/v2\/pages\/18\/revisions\/172"}],"wp:attachment":[{"href":"https:\/\/www.menschenrechte.org\/en\/wp-json\/wp\/v2\/media?parent=18"}],"curies":[{"name":"wp","href":"https:\/\/api.w.org\/{rel}","templated":true}]}}