{"id":12,"date":"2019-01-28T15:16:59","date_gmt":"2019-01-28T14:16:59","guid":{"rendered":"https:\/\/www.menschenrechte.org\/es\/?page_id=12"},"modified":"2019-02-18T13:52:58","modified_gmt":"2019-02-18T12:52:58","slug":"donaciones-y-colaboracion","status":"publish","type":"page","link":"https:\/\/www.menschenrechte.org\/es\/donaciones-y-colaboracion\/","title":{"rendered":"Donaciones y Colaboracion"},"content":{"rendered":"<h3><span lang=\"es\">Donaci\u00f3n<\/span><\/h3>\n<p><span lang=\"es\">Puede apoyar directamente al Centro de Derechos Humanos por su donaci\u00f3n.<\/span><\/p>\n<p><span lang=\"es\">Evangelische Kreditgenossenschaft eG<br \/>\nCuenta: 3505197<br \/>\nClave bancaria: 52060410<br \/>\nIBAN: DE 97 520 60410 0003505197<br \/>\nBIC: GENODEF1EK1<\/span><\/p>\n<p><span lang=\"es\">Su donaci\u00f3n se puede deducir del impuesto.<\/span><\/p>\n<p>&nbsp;<\/p>\n<h3><span lang=\"es\">Contribuci\u00f3n a titulo honor\u00ed\u00adfico<\/span><\/h3>\n<p><span lang=\"es\">En nuestra oficina encuentra una pluralidad de funciones que son casi exclusivamente ejecutados por empleados honorarios. La amplitud del trabajo depende del tiempo que los empleados pueden aportar.<\/span><\/p>\n<p><span lang=\"es\">El trabajo consiste en:<\/span><\/p>\n<ul>\n<li>\n<ul>\n<li>\n<ul>\n<li>\n<ul>\n<li><span lang=\"es\">Asistencia en el trabajo general de oficina<\/span><\/li>\n<li><span lang=\"es\">Preparaci\u00f3n de eventos<\/span><\/li>\n<li><span lang=\"es\">Conservaci\u00f3n de la biblioteca y del archivo de revistas<\/span><\/li>\n<li><span lang=\"es\">Trabajo period\u00ed\u00adstico (lectorado, redacci\u00f3n, layout etc.)<\/span><\/li>\n<li><span lang=\"es\">Colaboraci\u00f3n en cuanto al contenido de los diferentes campos de actividades<\/span><\/li>\n<\/ul>\n<\/li>\n<\/ul>\n<\/li>\n<\/ul>\n<\/li>\n<\/ul>\n<p><span lang=\"es\">Ofrecemos:<\/span><\/p>\n<ul>\n<li>\n<ul>\n<li>\n<ul>\n<li>\n<ul>\n<li><span lang=\"es\">Afiliaci\u00f3n atenta a un equipo comprometido e internacional<\/span><\/li>\n<li><span lang=\"es\">Mente abierta para preguntas \u00f3 propuestas, que ocurren durante el trabajo<\/span><\/li>\n<li><span lang=\"es\">Actividades pr\u00e1cticas en una ONG de derechos humanos innovadora<\/span><\/li>\n<\/ul>\n<\/li>\n<\/ul>\n<\/li>\n<\/ul>\n<\/li>\n<\/ul>\n<p>&nbsp;<\/p>\n<h3><span lang=\"es\">Pasant\u00ed\u00ada<\/span><\/h3>\n<p><span lang=\"es\">Existe la posibilidad de una pasant\u00ed\u00ada (sin salario) en al Centro de Derechos Humanos de Nuremberg (NMRZ). La duraci\u00f3n m\u00ed\u00adnima son seis semanas.<\/span><\/p>\n<p><span lang=\"es\">Las actividades en la pasant\u00ed\u00ada consisten en:<\/span><\/p>\n<ul>\n<li>\n<ul>\n<li>\n<ul>\n<li>\n<ul>\n<li><span lang=\"es\">Redactar un aporte escrito para el sitio Web del NMRZ sobre un tema relevante a los derechos humanos<\/span><\/li>\n<li><span lang=\"es\">Trabajo de organizaci\u00f3n en general<\/span><\/li>\n<li><span lang=\"es\">Asistencia en la organizaci\u00f3n de la oficina<\/span><\/li>\n<li><span lang=\"es\">Investigaci\u00f3n sobre temas de derechos humanos actuales<\/span><\/li>\n<li><span lang=\"es\">Conservaci\u00f3n del archivo de revistas<\/span><\/li>\n<\/ul>\n<\/li>\n<\/ul>\n<\/li>\n<\/ul>\n<\/li>\n<\/ul>\n<p><span lang=\"es\">Requerimientos:<\/span><\/p>\n<ul>\n<li>\n<ul>\n<li>\n<ul>\n<li>\n<ul>\n<li><span lang=\"es\">Buenos conocimientos en computaci\u00f3n (office, Internet)<\/span><\/li>\n<li><span lang=\"es\">Capacidad de trabajar independientemente<\/span><\/li>\n<li><span lang=\"es\">Inter\u00e9s en temas sobre derechos humanos<\/span><\/li>\n<li><span lang=\"es\">Muy buen conocimiento del alem\u00e1n e ingles (espa\u00f1ol favorable)<\/span><\/li>\n<\/ul>\n<\/li>\n<\/ul>\n<\/li>\n<\/ul>\n<\/li>\n<\/ul>\n<p><span lang=\"es\">Ofrecemos:<\/span><\/p>\n<ul>\n<li>\n<ul>\n<li>\n<ul>\n<li>\n<ul>\n<li><span lang=\"es\">Conocer una ONG activa a nivel local, nacional e internacional<\/span><\/li>\n<li><span lang=\"es\">Horas de trabajo flexibles<\/span><\/li>\n<li><span lang=\"es\">Posibilidad de aportar propias ideas<\/span><\/li>\n<li><span lang=\"es\">Intercambio de practicantes con la dependencia da la ACNUR en Nuremberg y OIM<\/span><\/li>\n<li><span lang=\"es\">Ambiente amable en un equipo comprometido e internacional<\/span><\/li>\n<\/ul>\n<\/li>\n<\/ul>\n<\/li>\n<\/ul>\n<\/li>\n<\/ul>\n<p><span lang=\"es\">Por favor mande su solicitud junto con su curr\u00ed\u00adculo por correo o por correo electr\u00f3nico a: <a href=\"mailto:buero@menschenrechte.org\" target=\"_blank\" rel=\"noopener\">Michael Krennerich<\/a><\/span><\/p>\n<p>&nbsp;<\/p>\n<h3><span lang=\"es\">Hacerse miembro<\/span><\/h3>\n<p><span lang=\"es\">Con su aportaci\u00f3n anual de 60,00 \u20ac\/con descuento 30,00 \u20ac apoya el trabajo diverso del Centro de Derechos Humanos. En eso puede ser tanto miembro activo (compare la contribuci\u00f3n a titulo honor\u00ed\u00adfico) como miembro pasivo.<\/span><\/p>\n<p><span lang=\"es\"><strong><a href=\"https:\/\/www.menschenrechte.org\/wp-content\/uploads\/2019\/02\/Mitgliedsantrag_Formular_NEU.pdf\" target=\"_blank\" rel=\"noopener\">Declaraci\u00f3n de adhesi\u00f3n<\/a> (PDF<\/strong> 280KB \u2013 solamente en alem\u00e1n)<\/span><\/p>\n","protected":false},"excerpt":{"rendered":"<p>Donaci\u00f3n Puede apoyar directamente al Centro de Derechos Humanos por su donaci\u00f3n. Evangelische Kreditgenossenschaft eG Cuenta: 3505197 Clave bancaria: 52060410 IBAN: DE 97 520 60410 0003505197 BIC: GENODEF1EK1 Su donaci\u00f3n se puede deducir del impuesto. &nbsp; Contribuci\u00f3n a titulo honor\u00ed\u00adfico En nuestra oficina encuentra una pluralidad de funciones que son casi exclusivamente ejecutados por empleados<br \/><span class=\"excerpt_more\"><br \/><a href=\"https:\/\/www.menschenrechte.org\/es\/donaciones-y-colaboracion\/\">[ &#8230; ]<\/a><\/span><\/p>\n","protected":false},"author":16,"featured_media":0,"parent":0,"menu_order":0,"comment_status":"closed","ping_status":"closed","template":"","meta":{"footnotes":""},"class_list":["post-12","page","type-page","status-publish","hentry"],"_links":{"self":[{"href":"https:\/\/www.menschenrechte.org\/es\/wp-json\/wp\/v2\/pages\/12","targetHints":{"allow":["GET"]}}],"collection":[{"href":"https:\/\/www.menschenrechte.org\/es\/wp-json\/wp\/v2\/pages"}],"about":[{"href":"https:\/\/www.menschenrechte.org\/es\/wp-json\/wp\/v2\/types\/page"}],"author":[{"embeddable":true,"href":"https:\/\/www.menschenrechte.org\/es\/wp-json\/wp\/v2\/users\/16"}],"replies":[{"embeddable":true,"href":"https:\/\/www.menschenrechte.org\/es\/wp-json\/wp\/v2\/comments?post=12"}],"version-history":[{"count":2,"href":"https:\/\/www.menschenrechte.org\/es\/wp-json\/wp\/v2\/pages\/12\/revisions"}],"predecessor-version":[{"id":51,"href":"https:\/\/www.menschenrechte.org\/es\/wp-json\/wp\/v2\/pages\/12\/revisions\/51"}],"wp:attachment":[{"href":"https:\/\/www.menschenrechte.org\/es\/wp-json\/wp\/v2\/media?parent=12"}],"curies":[{"name":"wp","href":"https:\/\/api.w.org\/{rel}","templated":true}]}}