{"id":15,"date":"2019-01-28T15:17:20","date_gmt":"2019-01-28T14:17:20","guid":{"rendered":"https:\/\/www.menschenrechte.org\/es\/?page_id=15"},"modified":"2021-03-11T11:51:39","modified_gmt":"2021-03-11T10:51:39","slug":"contacto","status":"publish","type":"page","link":"https:\/\/www.menschenrechte.org\/es\/contacto\/","title":{"rendered":"Contacto"},"content":{"rendered":"<h3><span lang=\"es\">C\u00f3mo contactarnos:<\/span><\/h3>\n<p>N\u00fcrnberger Menschenrechtszentrum<br \/>\nHans-Sachs-Platz 2<br \/>\n90403 N\u00fcrnberg <span lang=\"es\">(Estaci\u00f3n de Metro Lorenzkirche);<\/span> <span lang=\"es\">Acordar visitas con anterioridad.<\/span><\/p>\n<p><span lang=\"es\">Tel\u00e9fono:<\/span> +49-(0)911-230 55 50<br \/>\nE-Mail: buero@menschenrechte.org<\/p>\n<h3><span lang=\"es\">Directiva<\/span><\/h3>\n<p><span lang=\"es\">Michael Krennerich (primer presidente), Nicole Scharrer (segunda presidenta), G\u00f6tz Schwanh\u00e4u\u00dfer y Alice Speck.<br \/>\n<\/span><\/p>\n<h3><span lang=\"es\">Correos electr\u00f3nicos<\/span><\/h3>\n<p><span lang=\"es\"><strong>Para preguntas e informaciones generales: <\/strong>Lea Dannich (<\/span><span lang=\"en\">buero@menschenrechte.org)<\/span><\/p>\n<p><span lang=\"es\"><strong>Cuestiones de derechos humanos en general:<\/strong><br \/>\nRainer Huhle (rainer.huhle@menschenrechte.org)<br \/>\nMichael Krennerich (michael.krennerich@menschenrechte.org)<\/span><\/p>\n<p><span lang=\"es\"><strong>Educaci\u00f3n para los Dederechos Humanos:<\/strong><br \/>\nHelga Riedl (helga.riedl@menschenrechte.org)<br \/>\nOtto B\u00f6hm (otto.boehm@menschenrechte.org)<\/span><\/p>\n<p><strong>Redes Sociales:<br \/>\n<\/strong>Alice Speck, Nicole Scharrer, Corrine Venema-Tucker y Felix Krau\u00df<br \/>\n(social.media@menschenrechte.org)<\/p>\n<p><span lang=\"es\"><strong>Los juicios de Nuremberg y penales internacionales:<\/strong><br \/>\nOtto B\u00f6hm (otto.boehm@menschenrechte.org)<br \/>\nRainer Huhle (rainer.huhle@menschenrechte.org)<br \/>\nMichaela Lissowsky (michaela.lissowsky@menschenrechte.org)<\/span><\/p>\n<p><span lang=\"es\"><strong>Derechos sociales:<\/strong><br \/>\nMichael Krennerich (michael.krennerich@menschenrechte.org)<\/span><\/p>\n<p><span lang=\"es\"><strong>Derechos Humanos en Am\u00e9rica Latina:<\/strong><br \/>\nRainer Huhle (rainer.huhle@menschenrechte.org)<\/span><\/p>\n<p><span lang=\"es\"><strong>Semana de Am\u00e9rica Latina (&#8220;Lateinamerikawoche&#8221;):<\/strong><br \/>\nArmin and Annegret Seufert (buero@menschenrechte.org)<\/span><\/p>\n<p><span lang=\"es\"><strong>Fuga y Asilo:<\/strong><br \/>\nMichael Krennerich (michael.krennerich@menschenrechte.org)<\/span><\/p>\n<p><span lang=\"es\"><strong>Pr\u00e1cticas:<\/strong><br \/>\nNicole Scharrer (nicole.scharrer@menschenrechte.org)<\/span><\/p>\n<p><span lang=\"es\"><strong>Donaciones:<\/strong><br \/>\nG\u00f6tz Schwanh\u00e4u\u00dfer (buero@menschenrechte.org)<\/span><\/p>\n<h3><span lang=\"es\">Administrador<\/span><\/h3>\n<p>Lea Dannich (buero@menschenrechte.org)<\/p>\n<h3><span lang=\"es\">Consignaciones<\/span><\/h3>\n<p><span lang=\"es\">clave bancaria: 52060410; IBAN: DE97520604100003505197; BIC: GENODEF1EK1 Evangelische Kreditgenossenschaft eG<\/span><\/p>\n<p><span lang=\"es\">El Centro de Derechos Humanos de Nuremberg es oficialmente reconocido como organismo de utilidad p\u00fablica por la Oficina de Impuestos de Nuremberg. Las donaciones son deducibles de impuestos.<\/span><\/p>\n","protected":false},"excerpt":{"rendered":"<p>C\u00f3mo contactarnos: N\u00fcrnberger Menschenrechtszentrum Hans-Sachs-Platz 2 90403 N\u00fcrnberg (Estaci\u00f3n de Metro Lorenzkirche); Acordar visitas con anterioridad. Tel\u00e9fono: +49-(0)911-230 55 50 E-Mail: buero@menschenrechte.org Directiva Michael Krennerich (primer presidente), Nicole Scharrer (segunda presidenta), G\u00f6tz Schwanh\u00e4u\u00dfer y Alice Speck. Correos electr\u00f3nicos Para preguntas e informaciones generales: Lea Dannich (buero@menschenrechte.org) Cuestiones de derechos humanos en general: Rainer Huhle (rainer.huhle@menschenrechte.org)<br \/><span class=\"excerpt_more\"><br \/><a href=\"https:\/\/www.menschenrechte.org\/es\/contacto\/\">[ &#8230; ]<\/a><\/span><\/p>\n","protected":false},"author":16,"featured_media":0,"parent":0,"menu_order":0,"comment_status":"closed","ping_status":"closed","template":"","meta":{"footnotes":""},"class_list":["post-15","page","type-page","status-publish","hentry"],"_links":{"self":[{"href":"https:\/\/www.menschenrechte.org\/es\/wp-json\/wp\/v2\/pages\/15","targetHints":{"allow":["GET"]}}],"collection":[{"href":"https:\/\/www.menschenrechte.org\/es\/wp-json\/wp\/v2\/pages"}],"about":[{"href":"https:\/\/www.menschenrechte.org\/es\/wp-json\/wp\/v2\/types\/page"}],"author":[{"embeddable":true,"href":"https:\/\/www.menschenrechte.org\/es\/wp-json\/wp\/v2\/users\/16"}],"replies":[{"embeddable":true,"href":"https:\/\/www.menschenrechte.org\/es\/wp-json\/wp\/v2\/comments?post=15"}],"version-history":[{"count":7,"href":"https:\/\/www.menschenrechte.org\/es\/wp-json\/wp\/v2\/pages\/15\/revisions"}],"predecessor-version":[{"id":309,"href":"https:\/\/www.menschenrechte.org\/es\/wp-json\/wp\/v2\/pages\/15\/revisions\/309"}],"wp:attachment":[{"href":"https:\/\/www.menschenrechte.org\/es\/wp-json\/wp\/v2\/media?parent=15"}],"curies":[{"name":"wp","href":"https:\/\/api.w.org\/{rel}","templated":true}]}}