{"id":6,"date":"2019-01-28T15:15:04","date_gmt":"2019-01-28T14:15:04","guid":{"rendered":"https:\/\/www.menschenrechte.org\/es\/?page_id=6"},"modified":"2019-02-18T13:43:05","modified_gmt":"2019-02-18T12:43:05","slug":"sobre-nosotros","status":"publish","type":"page","link":"https:\/\/www.menschenrechte.org\/es\/sobre-nosotros\/","title":{"rendered":"Sobre nosotros"},"content":{"rendered":"<p>&nbsp;<\/p>\n<h3><span lang=\"es\">El Centro de Derechos Humanos de Nuremberg<\/span><\/h3>\n<h4><span lang=\"es\">&#8230; informa sobre derechos humanos<\/span><\/h4>\n<p><span lang=\"es\">El Centro de Derechos Humanos de Nuremberg (NMRZ) como punto focal para cuestiones de derechos humanos le sirve al p\u00fablico interesado. Dispone de una biblioteca p\u00fablica y de una p\u00e1gina web ampliamente consultada en alem\u00e1n, ingl\u00e9s y espa\u00f1ol. Est\u00e1n disponibles para su descarga materiales educativos de derechos humanos.<br \/>\nRegularmente el NMRZ presenta publicaciones sobre derechos humanos y es la oficina editorial de la \u201cZeitschrift f\u00fcr Menschenrechte. Journal for Human Rights\u201d. Expertos del NMRZ publican y dan conferencias sobre derechos humanos en el Alemania y en el exterior.<\/span><\/p>\n<h4><span lang=\"es\">&#8230; anima la discusi\u00f3n sobre los derechos humanos<\/span><\/h4>\n<p><span lang=\"es\">El NMRZ invita regularmente a interesantes personalidades para discusiones sobre derechos humanos y es un socio activo de eventos de derechos humanos en Nuremberg, como por ejemplo en la organicaci\u00f3n de la semana latinoamericana, del premio de cine alem\u00e1n sobre derechos humanos o en los eventos en el contexto del Premio Internacional de Derechos Humanos de Nuremberg. En los \u00faltimos a\u00f1os, el NMRZ fue co-organizador de diferentes conferencias internacionales sobre derechos humanos en Nuremberg.<\/span><\/p>\n<h4><span lang=\"es\">&#8230; promueve la educaci\u00f3n sobre derechos humanos<\/span><\/h4>\n<p><span lang=\"es\">El equipo de educaci\u00f3n del NMRZ ofrece excursiones al Centro de Documentaci\u00f3n del antiguo Recinto de Concentraciones del Partido Nacionalsocialistay al \u2018Memorium N\u00fcrnberger Prozesse\u2019 (un museo sobre los Juicios de Nuremberg). Adem\u00e1s gu\u00eda por la \u201cCalle de los derechos humanos\u201d y ha desarrollado un projecto contra discriminaci\u00f3n: \u201cDiscriminaci\u00f3n nos afecta a todos\u201d que se dirige a estudiantes, aprendizes y otros grupos. Miembros del NMRZ dirigen cursos sobre diferentes aspectos de los derechos humanos tanto en Nuremberg como afuera.<\/span><\/p>\n<h4><span lang=\"es\">&#8230; aconseja y opina<\/span><\/h4>\n<p><span lang=\"es\">La pericia del NMRZ sobre cuestiones de derechos humanos, sobre la pol\u00edtica de derechos humanos y sobre temas espec\u00edficos (por ejemplo: derechos humanos in Am\u00e9rica Latina, Corte Penal Internacional, \u201cDesaparecidos\u201d, derechos humanes sociales, etc.) son muy solicitados. Colaboradores del NMRZ ofician de expertos en el Parlamento Alem\u00e1n, de interlocutores en ministerios y de colaboradores en comit\u00e9s locales, nacionales e internacionales de derechos humanos en Nuremberg, Berlin o Ginebra. Rainer Huhle pertenece al Comit\u00e9 de la Convenci\u00f3n de la ONU contra desapariciones forzadas. Heiner Bielefeldt, relator especial sobre la libertad de religi\u00f3n o de creencias, tambi\u00e9n es colaborador del NMRZ.<\/span><\/p>\n<h4><span lang=\"es\">&#8230; interfiere en pol\u00edticas p\u00fablicas de derechos humanos<\/span><\/h4>\n<p><span lang=\"es\">El NMRZ es una fuerza activa en el Foro de Derechos Humanos, la red alemana de organizaciones de derechos humanos. Con cr\u00edtica constructiva el NMRZ acompa\u00f1a la pol\u00edtica alemana de derechos humanos, insiste en el tema frente a representantes pol\u00edticos y fomenta campa\u00f1as locales, nacionales e internacionales para la protecci\u00f3n de los derechos humanos.<\/span><\/p>\n<p>&nbsp;<\/p>\n<h3><span lang=\"es\">El NMRZ se sostiene por el trabajo voluntario<\/span><\/h3>\n<p><span lang=\"es\">El NMRZ es dirigido por una junta directiva, actualmente compuesta por Rainer Huhle, Michael Krennerich (presidente), Nicole Scharrer (vicepresidente), G\u00f6tz Schwanh\u00e4u\u00dfer y Alice Speck. Forman parte del equipo numeroso\/as practicantes del interior y exterior, bajo la asesor\u00edade Nicole Scharrer, y muchos otros voluntarios. El NMRZ se financia con cuotas de socios, donaciones, fondos relacionados con proyectos y ayuda municipal.<\/span><\/p>\n<p>&nbsp;<\/p>\n<h3><span lang=\"es\">Colaboraci\u00f3n<\/span><\/h3>\n<p><span lang=\"es\">Nos alegramos por cada colaboraci\u00f3n y por nuevas ideas. Cont\u00e1ctenos y pida una cita!<\/span><\/p>\n<p>&nbsp;<\/p>\n<h3><span lang=\"es\">Pasant\u00edas<\/span><\/h3>\n<p><span lang=\"es\">En el NMRZ hay la posibilidad de hacer una pasant\u00eda no remunerada. La duraci\u00f3n m\u00ednima de una pasant\u00eda es de seis semanas. La condici\u00f3n es la capacidad de trabajar de manera independiente en tareas coordinadas con la junta directiva.<br \/>\nEn su carta de solicitud, aparte de enviar su CV, debe detallar sus conocimientos previos relevantes (derechos humanos, idiomas, conocimientos de inform\u00e1tica, etc.) y explicar por qu\u00e9 est\u00e1 particularmente interesado\/a en hacer la pasant\u00eda en el NMRZ. Adem\u00e1s debe precisar sus expectativas, el espacio de tiempo disponible y sus habilidades. Puede mandarnos su solicitud por escrito o por correo eletr\u00f3nico. Antes de una decisi\u00f3n final llevamos a cabo una entrevista personal.<\/span><\/p>\n","protected":false},"excerpt":{"rendered":"<p>&nbsp; El Centro de Derechos Humanos de Nuremberg &#8230; informa sobre derechos humanos El Centro de Derechos Humanos de Nuremberg (NMRZ) como punto focal para cuestiones de derechos humanos le sirve al p\u00fablico interesado. Dispone de una biblioteca p\u00fablica y de una p\u00e1gina web ampliamente consultada en alem\u00e1n, ingl\u00e9s y espa\u00f1ol. Est\u00e1n disponibles para su<br \/><span class=\"excerpt_more\"><br \/><a href=\"https:\/\/www.menschenrechte.org\/es\/sobre-nosotros\/\">[ &#8230; ]<\/a><\/span><\/p>\n","protected":false},"author":16,"featured_media":0,"parent":0,"menu_order":0,"comment_status":"closed","ping_status":"closed","template":"","meta":{"footnotes":""},"class_list":["post-6","page","type-page","status-publish","hentry"],"_links":{"self":[{"href":"https:\/\/www.menschenrechte.org\/es\/wp-json\/wp\/v2\/pages\/6","targetHints":{"allow":["GET"]}}],"collection":[{"href":"https:\/\/www.menschenrechte.org\/es\/wp-json\/wp\/v2\/pages"}],"about":[{"href":"https:\/\/www.menschenrechte.org\/es\/wp-json\/wp\/v2\/types\/page"}],"author":[{"embeddable":true,"href":"https:\/\/www.menschenrechte.org\/es\/wp-json\/wp\/v2\/users\/16"}],"replies":[{"embeddable":true,"href":"https:\/\/www.menschenrechte.org\/es\/wp-json\/wp\/v2\/comments?post=6"}],"version-history":[{"count":2,"href":"https:\/\/www.menschenrechte.org\/es\/wp-json\/wp\/v2\/pages\/6\/revisions"}],"predecessor-version":[{"id":49,"href":"https:\/\/www.menschenrechte.org\/es\/wp-json\/wp\/v2\/pages\/6\/revisions\/49"}],"wp:attachment":[{"href":"https:\/\/www.menschenrechte.org\/es\/wp-json\/wp\/v2\/media?parent=6"}],"curies":[{"name":"wp","href":"https:\/\/api.w.org\/{rel}","templated":true}]}}