{"id":8,"date":"2019-01-28T15:15:53","date_gmt":"2019-01-28T14:15:53","guid":{"rendered":"https:\/\/www.menschenrechte.org\/es\/?page_id=8"},"modified":"2019-02-18T13:48:23","modified_gmt":"2019-02-18T12:48:23","slug":"biblioteca","status":"publish","type":"page","link":"https:\/\/www.menschenrechte.org\/es\/biblioteca\/","title":{"rendered":"Biblioteca"},"content":{"rendered":"<h3><span lang=\"es\">Pedido<\/span><\/h3>\n<p><span lang=\"es\">Existe la posibilidad de pedir copias de revistas y documentos disponibles. Para esto mande por correo electr\u00f3nico o por fax los datos bibliogr\u00e1ficos exactos (nombre de la revista, \u00e1rea, c\u00f3digo, editor, n\u00famero, mes, a\u00f1o y idioma) a la direcci\u00f3n:<\/span><\/p>\n<p><span lang=\"es\"><a href=\"mailto:buero@menschenrechte.org\" target=\"_blank\" rel=\"noopener\">buero@menschenrechte.org<\/a> \u00f3 Fax: +49-(0)911-230 55 51<br \/>\nEste servicio no es gratuito conlleva un pago.<\/span><\/p>\n<h3><span lang=\"es\">Tarifa<\/span><\/h3>\n<p><span lang=\"es\">Copias hasta 20 p\u00e1ginas: &#8212;&#8212; 3,00 \u20ac<br \/>\nCada copia adicional cuesta &#8212;0,10 \u20ac.<\/span><\/p>\n<p><span lang=\"es\">El env\u00ed\u00ado se har\u00e1, solamente con pago adelantado: 3,00 \u20ac como m\u00ed\u00adnimo<\/span><\/p>\n<h3><span lang=\"es\">Cat\u00e1logo de Revistas<\/span><\/h3>\n<p><a href=\"https:\/\/www.menschenrechte.org\/bibliothek\/zeitschriftenkatalog\">Aqu\u00ed<\/a> encuentra el cat\u00e1logo de revistas.<\/p>\n<h3><span lang=\"es\">Horas de Aperturas<\/span><\/h3>\n<p><span lang=\"es\">Acordar visitas al archivo con anterioridad (tel\u00e9fono +49-(0)911- 230 55 50)<\/span><\/p>\n","protected":false},"excerpt":{"rendered":"<p>Pedido Existe la posibilidad de pedir copias de revistas y documentos disponibles. Para esto mande por correo electr\u00f3nico o por fax los datos bibliogr\u00e1ficos exactos (nombre de la revista, \u00e1rea, c\u00f3digo, editor, n\u00famero, mes, a\u00f1o y idioma) a la direcci\u00f3n: buero@menschenrechte.org \u00f3 Fax: +49-(0)911-230 55 51 Este servicio no es gratuito conlleva un pago. Tarifa<br \/><span class=\"excerpt_more\"><br \/><a href=\"https:\/\/www.menschenrechte.org\/es\/biblioteca\/\">[ &#8230; ]<\/a><\/span><\/p>\n","protected":false},"author":16,"featured_media":0,"parent":0,"menu_order":0,"comment_status":"closed","ping_status":"closed","template":"","meta":{"footnotes":""},"class_list":["post-8","page","type-page","status-publish","hentry"],"_links":{"self":[{"href":"https:\/\/www.menschenrechte.org\/es\/wp-json\/wp\/v2\/pages\/8","targetHints":{"allow":["GET"]}}],"collection":[{"href":"https:\/\/www.menschenrechte.org\/es\/wp-json\/wp\/v2\/pages"}],"about":[{"href":"https:\/\/www.menschenrechte.org\/es\/wp-json\/wp\/v2\/types\/page"}],"author":[{"embeddable":true,"href":"https:\/\/www.menschenrechte.org\/es\/wp-json\/wp\/v2\/users\/16"}],"replies":[{"embeddable":true,"href":"https:\/\/www.menschenrechte.org\/es\/wp-json\/wp\/v2\/comments?post=8"}],"version-history":[{"count":2,"href":"https:\/\/www.menschenrechte.org\/es\/wp-json\/wp\/v2\/pages\/8\/revisions"}],"predecessor-version":[{"id":50,"href":"https:\/\/www.menschenrechte.org\/es\/wp-json\/wp\/v2\/pages\/8\/revisions\/50"}],"wp:attachment":[{"href":"https:\/\/www.menschenrechte.org\/es\/wp-json\/wp\/v2\/media?parent=8"}],"curies":[{"name":"wp","href":"https:\/\/api.w.org\/{rel}","templated":true}]}}